{"id":6369,"date":"2024-08-05T12:59:37","date_gmt":"2024-08-05T19:59:37","guid":{"rendered":"https:\/\/delpacificoseafoods.com\/sustentabilidad-3\/"},"modified":"2024-08-23T10:10:24","modified_gmt":"2024-08-23T17:10:24","slug":"sustentabilidad","status":"publish","type":"page","link":"https:\/\/delpacificoseafoods.com\/es\/sustentabilidad\/","title":{"rendered":"Sustentabilidad"},"content":{"rendered":"<p>[et_pb_section fb_built=&#8221;1&#8243; _builder_version=&#8221;4.27.0&#8243; _module_preset=&#8221;default&#8221; min_height=&#8221;2549px&#8221; custom_padding=&#8221;||4px|||&#8221; global_colors_info=&#8221;{}&#8221;][et_pb_row _builder_version=&#8221;4.27.0&#8243; _module_preset=&#8221;default&#8221; width=&#8221;90%&#8221; max_width=&#8221;90%&#8221; global_colors_info=&#8221;{}&#8221;][et_pb_column type=&#8221;4_4&#8243; _builder_version=&#8221;4.27.0&#8243; _module_preset=&#8221;default&#8221; global_colors_info=&#8221;{}&#8221;][et_pb_text _builder_version=&#8221;4.27.0&#8243; _module_preset=&#8221;default&#8221; text_font=&#8221;Acuminvc|800|||||||&#8221; text_text_color=&#8221;#000000&#8243; text_font_size=&#8221;60px&#8221; global_colors_info=&#8221;{}&#8221;]<\/p>\n<p style=\"text-align: center;\">Sustentabilidad<\/p>\n<p>[\/et_pb_text][\/et_pb_column][\/et_pb_row][et_pb_row column_structure=&#8221;1_2,1_2&#8243; use_custom_gutter=&#8221;on&#8221; gutter_width=&#8221;1&#8243; make_equal=&#8221;on&#8221; _builder_version=&#8221;4.27.0&#8243; _module_preset=&#8221;default&#8221; width=&#8221;100%&#8221; max_width=&#8221;100%&#8221; global_colors_info=&#8221;{}&#8221;][et_pb_column type=&#8221;1_2&#8243; _builder_version=&#8221;4.27.0&#8243; _module_preset=&#8221;default&#8221; global_colors_info=&#8221;{}&#8221;][et_pb_image src=&#8221;https:\/\/delpacificoseafoods.com\/wp-content\/uploads\/2022\/11\/gallery-suripera.jpg&#8221; title_text=&#8221;gallery-suripera&#8221; align=&#8221;right&#8221; _builder_version=&#8221;4.27.0&#8243; _module_preset=&#8221;default&#8221; width=&#8221;100%&#8221; max_width=&#8221;100%&#8221; custom_margin=&#8221;|||0px|false|false&#8221; custom_padding=&#8221;0px||||false|false&#8221; border_radii=&#8221;off|20px|||20px&#8221; global_colors_info=&#8221;{}&#8221;][\/et_pb_image][\/et_pb_column][et_pb_column type=&#8221;1_2&#8243; _builder_version=&#8221;4.27.0&#8243; _module_preset=&#8221;default&#8221; background_color=&#8221;#95d4e9&#8243; global_colors_info=&#8221;{}&#8221;][et_pb_text _builder_version=&#8221;4.27.0&#8243; _module_preset=&#8221;default&#8221; text_font=&#8221;Acuminvc||||||||&#8221; text_text_color=&#8221;#000000&#8243; text_font_size=&#8221;32px&#8221; text_line_height=&#8221;0.9em&#8221; width=&#8221;80%&#8221; max_width=&#8221;80%&#8221; module_alignment=&#8221;center&#8221; custom_margin=&#8221;5%||||false|false&#8221; global_colors_info=&#8221;{}&#8221;]<\/p>\n<p>En Del Pacifico Seafoods, la sustentabilidad es m\u00e1s que un objetivo; es el n\u00facleo de nuestra misi\u00f3n y operaciones. Nos comprometemos a producir productos del mar de alta calidad utilizando m\u00e9todos de captura y procesamiento que respetan y preservan el medio ambiente, promueven la justicia social y aseguran la viabilidad econ\u00f3mica a largo plazo. Este compromiso integral garantiza que los productos de nuestra l\u00ednea sustentable no solo sean de la mejor calidad, sino tambi\u00e9n un ejemplo de responsabilidad ambiental y equidad social.  <\/p>\n<p>Para nosotros, la sustentabilidad se refleja en los siguientes pilares de acci\u00f3n:<\/p>\n<p>[\/et_pb_text][\/et_pb_column][\/et_pb_row][et_pb_row column_structure=&#8221;1_2,1_2&#8243; use_custom_gutter=&#8221;on&#8221; gutter_width=&#8221;1&#8243; _builder_version=&#8221;4.27.0&#8243; _module_preset=&#8221;default&#8221; background_color=&#8221;#535352&#8243; width=&#8221;100%&#8221; max_width=&#8221;100%&#8221; custom_padding=&#8221;100px||100px||true|&#8221; global_colors_info=&#8221;{}&#8221;][et_pb_column type=&#8221;1_2&#8243; _builder_version=&#8221;4.27.0&#8243; _module_preset=&#8221;default&#8221; global_colors_info=&#8221;{}&#8221;][et_pb_text _builder_version=&#8221;4.27.0&#8243; _module_preset=&#8221;default&#8221; text_font=&#8221;Acuminvc|600|||||||&#8221; text_text_color=&#8221;#FFFFFF&#8221; text_font_size=&#8221;25px&#8221; text_line_height=&#8221;1.5em&#8221; width=&#8221;70%&#8221; max_width=&#8221;70%&#8221; module_alignment=&#8221;center&#8221; custom_margin=&#8221;10%||||false|false&#8221; global_colors_info=&#8221;{}&#8221;]<\/p>\n<p><strong>Ambiental:<\/strong> Nuestros pescadores utilizan artes de pesca que aprovechan la energ\u00eda del viento y la marea, lo que resulta en bajas emisiones de CO2 y la tasa m\u00e1s baja de pesca incidental a nivel mundial. Adem\u00e1s, implementamos pr\u00e1cticas que cumplen con rigurosos est\u00e1ndares ambientales reconocidos globalmente. <\/p>\n<p>[\/et_pb_text][\/et_pb_column][et_pb_column type=&#8221;1_2&#8243; _builder_version=&#8221;4.27.0&#8243; _module_preset=&#8221;default&#8221; global_colors_info=&#8221;{}&#8221;][et_pb_image src=&#8221;https:\/\/delpacificoseafoods.com\/wp-content\/uploads\/2023\/02\/DSC01104-scaled.jpg&#8221; title_text=&#8221;DSC01104&#8243; _builder_version=&#8221;4.27.0&#8243; _module_preset=&#8221;default&#8221; width=&#8221;80%&#8221; module_alignment=&#8221;center&#8221; border_radii=&#8221;on|40px|40px|40px|40px&#8221; global_colors_info=&#8221;{}&#8221;][\/et_pb_image][\/et_pb_column][\/et_pb_row][et_pb_row column_structure=&#8221;1_2,1_2&#8243; use_custom_gutter=&#8221;on&#8221; gutter_width=&#8221;1&#8243; _builder_version=&#8221;4.27.0&#8243; _module_preset=&#8221;default&#8221; background_color=&#8221;#535352&#8243; width=&#8221;100%&#8221; max_width=&#8221;100%&#8221; custom_padding=&#8221;100px||100px||true|&#8221; global_colors_info=&#8221;{}&#8221;][et_pb_column type=&#8221;1_2&#8243; _builder_version=&#8221;4.27.0&#8243; _module_preset=&#8221;default&#8221; global_colors_info=&#8221;{}&#8221;][et_pb_text _builder_version=&#8221;4.27.0&#8243; _module_preset=&#8221;default&#8221; text_font=&#8221;Acuminvc|600|||||||&#8221; text_text_color=&#8221;#FFFFFF&#8221; text_font_size=&#8221;25px&#8221; text_line_height=&#8221;1.5em&#8221; width=&#8221;70%&#8221; max_width=&#8221;70%&#8221; module_alignment=&#8221;center&#8221; custom_margin=&#8221;10%||||false|false&#8221; global_colors_info=&#8221;{}&#8221;]<\/p>\n<p><strong>Econ\u00f3mico:<\/strong> Colaboramos estrechamente con todo el personal involucrado en la cadena de valor para mejorar \u00edntegramente sus condiciones de vida. Apoyamos a los pescadores para que puedan competir en el mercado global, garantizando un procesamiento eficiente y de alta calidad desde la captura hasta la entrega. <\/p>\n<p>[\/et_pb_text][\/et_pb_column][et_pb_column type=&#8221;1_2&#8243; _builder_version=&#8221;4.27.0&#8243; _module_preset=&#8221;default&#8221; global_colors_info=&#8221;{}&#8221;][et_pb_image src=&#8221;https:\/\/delpacificoseafoods.com\/wp-content\/uploads\/2024\/07\/DSC03303-edit-scaled.jpg&#8221; title_text=&#8221;DSC03303 (editar)&#8221; _builder_version=&#8221;4.27.0&#8243; _module_preset=&#8221;default&#8221; width=&#8221;80%&#8221; module_alignment=&#8221;center&#8221; border_radii=&#8221;on|40px|40px|40px|40px&#8221; global_colors_info=&#8221;{}&#8221;][\/et_pb_image][\/et_pb_column][\/et_pb_row][et_pb_row column_structure=&#8221;1_2,1_2&#8243; use_custom_gutter=&#8221;on&#8221; gutter_width=&#8221;1&#8243; _builder_version=&#8221;4.27.0&#8243; _module_preset=&#8221;default&#8221; background_color=&#8221;#535352&#8243; width=&#8221;100%&#8221; max_width=&#8221;100%&#8221; custom_padding=&#8221;2px||2px||true|&#8221; global_colors_info=&#8221;{}&#8221;][et_pb_column type=&#8221;1_2&#8243; _builder_version=&#8221;4.27.0&#8243; _module_preset=&#8221;default&#8221; global_colors_info=&#8221;{}&#8221;][et_pb_text _builder_version=&#8221;4.27.0&#8243; _module_preset=&#8221;default&#8221; text_font=&#8221;Acuminvc|600|||||||&#8221; text_text_color=&#8221;#FFFFFF&#8221; text_font_size=&#8221;25px&#8221; text_line_height=&#8221;1.5em&#8221; width=&#8221;70%&#8221; max_width=&#8221;70%&#8221; module_alignment=&#8221;center&#8221; custom_margin=&#8221;10%||||false|false&#8221; global_colors_info=&#8221;{}&#8221;]<\/p>\n<p><strong>Social:<\/strong> Implementamos programas que benefician a todas las partes involucradas en nuestra red de pesca, producci\u00f3n y comercializaci\u00f3n. Nos aseguramos de que todos nuestros empleados trabajen bajo condiciones justas y seguras, cumpliendo con los est\u00e1ndares de comercio justo y reafirmando nuestro compromiso con el desarrollo social integral. <\/p>\n<p>[\/et_pb_text][\/et_pb_column][et_pb_column type=&#8221;1_2&#8243; _builder_version=&#8221;4.27.0&#8243; _module_preset=&#8221;default&#8221; global_colors_info=&#8221;{}&#8221;][et_pb_image src=&#8221;https:\/\/delpacificoseafoods.com\/wp-content\/uploads\/2023\/02\/800x600_1_pulpo.png&#8221; title_text=&#8221;800x600_1_pulpo&#8221; _builder_version=&#8221;4.27.0&#8243; _module_preset=&#8221;default&#8221; width=&#8221;80%&#8221; module_alignment=&#8221;center&#8221; border_radii=&#8221;on|40px|40px|40px|40px&#8221; global_colors_info=&#8221;{}&#8221;][\/et_pb_image][\/et_pb_column][\/et_pb_row][et_pb_row use_custom_gutter=&#8221;on&#8221; gutter_width=&#8221;1&#8243; _builder_version=&#8221;4.27.0&#8243; _module_preset=&#8221;default&#8221; background_color=&#8221;#535352&#8243; width=&#8221;100%&#8221; max_width=&#8221;100%&#8221; custom_padding=&#8221;8px||8px||true|&#8221; global_colors_info=&#8221;{}&#8221;][et_pb_column type=&#8221;4_4&#8243; _builder_version=&#8221;4.27.0&#8243; _module_preset=&#8221;default&#8221; global_colors_info=&#8221;{}&#8221;][et_pb_text _builder_version=&#8221;4.27.0&#8243; _module_preset=&#8221;default&#8221; text_font=&#8221;Acuminvc|600|||||||&#8221; text_text_color=&#8221;#FFFFFF&#8221; text_font_size=&#8221;25px&#8221; text_line_height=&#8221;1.5em&#8221; width=&#8221;70%&#8221; max_width=&#8221;70%&#8221; module_alignment=&#8221;center&#8221; custom_margin=&#8221;||||false|false&#8221; global_colors_info=&#8221;{}&#8221;]<\/p>\n<p>En Del Pacifico Seafoods, cada acci\u00f3n que emprendemos est\u00e1 orientada a crear un impacto positivo y duradero en el medio ambiente, la econom\u00eda y la sociedad, reafirmando nuestro compromiso con un futuro m\u00e1s sostenible y equitativo.<\/p>\n<p>[\/et_pb_text][\/et_pb_column][\/et_pb_row][\/et_pb_section][et_pb_section fb_built=&#8221;1&#8243; _builder_version=&#8221;4.27.0&#8243; _module_preset=&#8221;default&#8221; background_color=&#8221;#95d4e9&#8243; custom_padding=&#8221;||2px|||&#8221; global_colors_info=&#8221;{}&#8221;][et_pb_row _builder_version=&#8221;4.27.0&#8243; _module_preset=&#8221;default&#8221; width=&#8221;100%&#8221; max_width=&#8221;100%&#8221; global_colors_info=&#8221;{}&#8221;][et_pb_column type=&#8221;4_4&#8243; _builder_version=&#8221;4.27.0&#8243; _module_preset=&#8221;default&#8221; global_colors_info=&#8221;{}&#8221;][et_pb_text _builder_version=&#8221;4.27.0&#8243; _module_preset=&#8221;default&#8221; text_font=&#8221;Acuminvc|800|||||||&#8221; text_text_color=&#8221;#000000&#8243; text_font_size=&#8221;60px&#8221; text_orientation=&#8221;center&#8221; global_colors_info=&#8221;{}&#8221;]<\/p>\n<p>CERTIFICACIONES<\/p>\n<p>[\/et_pb_text][\/et_pb_column][\/et_pb_row][et_pb_row column_structure=&#8221;1_3,1_3,1_3&#8243; _builder_version=&#8221;4.27.0&#8243; _module_preset=&#8221;default&#8221; width=&#8221;100%&#8221; max_width=&#8221;100%&#8221; global_colors_info=&#8221;{}&#8221;][et_pb_column type=&#8221;1_3&#8243; _builder_version=&#8221;4.27.0&#8243; _module_preset=&#8221;default&#8221; global_colors_info=&#8221;{}&#8221;][et_pb_image src=&#8221;https:\/\/delpacificoseafoods.com\/wp-content\/uploads\/2022\/11\/logos2.png&#8221; title_text=&#8221;logos2&#8243; _builder_version=&#8221;4.27.0&#8243; _module_preset=&#8221;default&#8221; width=&#8221;40%&#8221; max_width=&#8221;40%&#8221; module_alignment=&#8221;center&#8221; global_colors_info=&#8221;{}&#8221;][\/et_pb_image][et_pb_text _builder_version=&#8221;4.27.0&#8243; _module_preset=&#8221;default&#8221; text_font=&#8221;Acuminvc|800|||||||&#8221; text_text_color=&#8221;#000000&#8243; text_font_size=&#8221;22px&#8221; text_orientation=&#8221;center&#8221; link_option_url=&#8221;https:\/\/delpacificoseafoods.com\/wp-content\/uploads\/2024\/08\/Fair-Trade-ESPANOL.pdf&#8221; link_option_url_new_window=&#8221;on&#8221; hover_enabled=&#8221;0&#8243; global_colors_info=&#8221;{}&#8221; sticky_enabled=&#8221;0&#8243;]<\/p>\n<p>ACERCA DE<\/p>\n<p>[\/et_pb_text][\/et_pb_column][et_pb_column type=&#8221;1_3&#8243; _builder_version=&#8221;4.27.0&#8243; _module_preset=&#8221;default&#8221; global_colors_info=&#8221;{}&#8221;][et_pb_image src=&#8221;https:\/\/delpacificoseafoods.com\/wp-content\/uploads\/2023\/07\/ASC-English-Horizontalpequeno-02.png&#8221; title_text=&#8221;ASC-Espa\u00f1ol-Horizontalpequeno-02&#8243; _builder_version=&#8221;4.27.0&#8243; _module_preset=&#8221;default&#8221; width=&#8221;60%&#8221; max_width=&#8221;60%&#8221; module_alignment=&#8221;center&#8221; custom_margin=&#8221;50px||||false|false&#8221; global_colors_info=&#8221;{}&#8221; custom_margin__hover_enabled=&#8221;off|desktop&#8221;][\/et_pb_image][et_pb_text _builder_version=&#8221;4.27.0&#8243; _module_preset=&#8221;default&#8221; text_font=&#8221;Acuminvc|800|||||||&#8221; text_text_color=&#8221;#000000&#8243; text_font_size=&#8221;22px&#8221; text_orientation=&#8221;center&#8221; link_option_url=&#8221;https:\/\/delpacificoseafoods.com\/wp-content\/uploads\/2024\/08\/ASC-ESPANOL.pdf&#8221; link_option_url_new_window=&#8221;on&#8221; hover_enabled=&#8221;0&#8243; global_colors_info=&#8221;{}&#8221; sticky_enabled=&#8221;0&#8243;]<\/p>\n<p>ACERCA DE<\/p>\n<p>[\/et_pb_text][\/et_pb_column][et_pb_column type=&#8221;1_3&#8243; _builder_version=&#8221;4.27.0&#8243; _module_preset=&#8221;default&#8221; global_colors_info=&#8221;{}&#8221;][et_pb_image src=&#8221;https:\/\/delpacificoseafoods.com\/wp-content\/uploads\/2024\/08\/BRCGS_CERT_FOOD_LOGO.png.webp&#8221; title_text=&#8221;BRCGS_CERT_FOOD_LOGO.png&#8221; _builder_version=&#8221;4.27.0&#8243; _module_preset=&#8221;default&#8221; width=&#8221;60%&#8221; max_width=&#8221;60%&#8221; module_alignment=&#8221;center&#8221; global_colors_info=&#8221;{}&#8221;][\/et_pb_image][et_pb_text _builder_version=&#8221;4.27.0&#8243; _module_preset=&#8221;default&#8221; text_font=&#8221;Acuminvc|800|||||||&#8221; text_text_color=&#8221;#000000&#8243; text_font_size=&#8221;22px&#8221; text_orientation=&#8221;center&#8221; link_option_url=&#8221;https:\/\/delpacificoseafoods.com\/wp-content\/uploads\/2024\/08\/BRCGS-ESPANOL.pdf&#8221; link_option_url_new_window=&#8221;on&#8221; hover_enabled=&#8221;0&#8243; global_colors_info=&#8221;{}&#8221; sticky_enabled=&#8221;0&#8243;]<\/p>\n<p>ACERCA DE<\/p>\n<p>[\/et_pb_text][\/et_pb_column][\/et_pb_row][\/et_pb_section]<\/p>\n","protected":false},"excerpt":{"rendered":"<p>SustentabilidadEn Del Pacifico Seafoods, la sustentabilidad es m\u00e1s que un objetivo; es el n\u00facleo de nuestra misi\u00f3n y operaciones. Nos comprometemos a producir productos del mar de alta calidad utilizando m\u00e9todos de captura y procesamiento que respetan y preservan el medio ambiente, promueven la justicia social y aseguran la viabilidad econ\u00f3mica a largo plazo. Este [&hellip;]<\/p>\n","protected":false},"author":3,"featured_media":0,"parent":0,"menu_order":0,"comment_status":"closed","ping_status":"closed","template":"","meta":{"nf_dc_page":"","_et_pb_use_builder":"on","_et_pb_old_content":"","_et_gb_content_width":"","footnotes":""},"class_list":["post-6369","page","type-page","status-publish","hentry"],"yoast_head":"<!-- This site is optimized with the Yoast SEO plugin v27.5 - https:\/\/yoast.com\/product\/yoast-seo-wordpress\/ -->\n<title>Sustentabilidad | Del Pacifico SeaFoods<\/title>\n<meta name=\"robots\" content=\"index, follow, max-snippet:-1, max-image-preview:large, max-video-preview:-1\" \/>\n<link rel=\"canonical\" href=\"https:\/\/delpacificoseafoods.com\/es\/sustentabilidad\/\" \/>\n<meta property=\"og:locale\" content=\"es_ES\" \/>\n<meta property=\"og:type\" content=\"article\" \/>\n<meta property=\"og:title\" content=\"Sustentabilidad | Del Pacifico SeaFoods\" \/>\n<meta property=\"og:description\" content=\"SustentabilidadEn Del Pacifico Seafoods, la sustentabilidad es m\u00e1s que un objetivo; es el n\u00facleo de nuestra misi\u00f3n y operaciones. Nos comprometemos a producir productos del mar de alta calidad utilizando m\u00e9todos de captura y procesamiento que respetan y preservan el medio ambiente, promueven la justicia social y aseguran la viabilidad econ\u00f3mica a largo plazo. Este [&hellip;]\" \/>\n<meta property=\"og:url\" content=\"https:\/\/delpacificoseafoods.com\/es\/sustentabilidad\/\" \/>\n<meta property=\"og:site_name\" content=\"Del Pacifico SeaFoods\" \/>\n<meta property=\"article:publisher\" content=\"https:\/\/www.facebook.com\/delpacificoseafoods\/\" \/>\n<meta property=\"article:modified_time\" content=\"2024-08-23T17:10:24+00:00\" \/>\n<meta name=\"twitter:card\" content=\"summary_large_image\" \/>\n<meta name=\"twitter:label1\" content=\"Tiempo de lectura\" \/>\n\t<meta name=\"twitter:data1\" content=\"7 minutos\" \/>\n<script type=\"application\/ld+json\" class=\"yoast-schema-graph\">{\"@context\":\"https:\\\/\\\/schema.org\",\"@graph\":[{\"@type\":\"WebPage\",\"@id\":\"https:\\\/\\\/delpacificoseafoods.com\\\/es\\\/sustentabilidad\\\/\",\"url\":\"https:\\\/\\\/delpacificoseafoods.com\\\/es\\\/sustentabilidad\\\/\",\"name\":\"Sustentabilidad | Del Pacifico SeaFoods\",\"isPartOf\":{\"@id\":\"https:\\\/\\\/delpacificoseafoods.com\\\/es\\\/#website\"},\"datePublished\":\"2024-08-05T19:59:37+00:00\",\"dateModified\":\"2024-08-23T17:10:24+00:00\",\"breadcrumb\":{\"@id\":\"https:\\\/\\\/delpacificoseafoods.com\\\/es\\\/sustentabilidad\\\/#breadcrumb\"},\"inLanguage\":\"es\",\"potentialAction\":[{\"@type\":\"ReadAction\",\"target\":[\"https:\\\/\\\/delpacificoseafoods.com\\\/es\\\/sustentabilidad\\\/\"]}]},{\"@type\":\"BreadcrumbList\",\"@id\":\"https:\\\/\\\/delpacificoseafoods.com\\\/es\\\/sustentabilidad\\\/#breadcrumb\",\"itemListElement\":[{\"@type\":\"ListItem\",\"position\":1,\"name\":\"Home\",\"item\":\"https:\\\/\\\/delpacificoseafoods.com\\\/es\\\/\"},{\"@type\":\"ListItem\",\"position\":2,\"name\":\"Sustentabilidad\"}]},{\"@type\":\"WebSite\",\"@id\":\"https:\\\/\\\/delpacificoseafoods.com\\\/es\\\/#website\",\"url\":\"https:\\\/\\\/delpacificoseafoods.com\\\/es\\\/\",\"name\":\"Del Pacifico Seafoods\",\"description\":\"Del Pacifico SeaFoods\",\"publisher\":{\"@id\":\"https:\\\/\\\/delpacificoseafoods.com\\\/es\\\/#organization\"},\"potentialAction\":[{\"@type\":\"SearchAction\",\"target\":{\"@type\":\"EntryPoint\",\"urlTemplate\":\"https:\\\/\\\/delpacificoseafoods.com\\\/es\\\/?s={search_term_string}\"},\"query-input\":{\"@type\":\"PropertyValueSpecification\",\"valueRequired\":true,\"valueName\":\"search_term_string\"}}],\"inLanguage\":\"es\"},{\"@type\":\"Organization\",\"@id\":\"https:\\\/\\\/delpacificoseafoods.com\\\/es\\\/#organization\",\"name\":\"Del Pacifico Seafoods\",\"url\":\"https:\\\/\\\/delpacificoseafoods.com\\\/es\\\/\",\"logo\":{\"@type\":\"ImageObject\",\"inLanguage\":\"es\",\"@id\":\"https:\\\/\\\/delpacificoseafoods.com\\\/es\\\/#\\\/schema\\\/logo\\\/image\\\/\",\"url\":\"https:\\\/\\\/i0.wp.com\\\/delpacificoseafoods.com\\\/wp-content\\\/uploads\\\/2022\\\/12\\\/Del-Pacific-Seafoods-Logos-Wild-Blue-Mexican-Shrimp-and-Seafoods.jpg?fit=900%2C900&ssl=1\",\"contentUrl\":\"https:\\\/\\\/i0.wp.com\\\/delpacificoseafoods.com\\\/wp-content\\\/uploads\\\/2022\\\/12\\\/Del-Pacific-Seafoods-Logos-Wild-Blue-Mexican-Shrimp-and-Seafoods.jpg?fit=900%2C900&ssl=1\",\"width\":900,\"height\":900,\"caption\":\"Del Pacifico Seafoods\"},\"image\":{\"@id\":\"https:\\\/\\\/delpacificoseafoods.com\\\/es\\\/#\\\/schema\\\/logo\\\/image\\\/\"},\"sameAs\":[\"https:\\\/\\\/www.facebook.com\\\/delpacificoseafoods\\\/\",\"https:\\\/\\\/www.instagram.com\\\/delpacificoseafoods\\\/\"]}]}<\/script>\n<!-- \/ Yoast SEO plugin. -->","yoast_head_json":{"title":"Sustentabilidad | Del Pacifico SeaFoods","robots":{"index":"index","follow":"follow","max-snippet":"max-snippet:-1","max-image-preview":"max-image-preview:large","max-video-preview":"max-video-preview:-1"},"canonical":"https:\/\/delpacificoseafoods.com\/es\/sustentabilidad\/","og_locale":"es_ES","og_type":"article","og_title":"Sustentabilidad | Del Pacifico SeaFoods","og_description":"SustentabilidadEn Del Pacifico Seafoods, la sustentabilidad es m\u00e1s que un objetivo; es el n\u00facleo de nuestra misi\u00f3n y operaciones. Nos comprometemos a producir productos del mar de alta calidad utilizando m\u00e9todos de captura y procesamiento que respetan y preservan el medio ambiente, promueven la justicia social y aseguran la viabilidad econ\u00f3mica a largo plazo. Este [&hellip;]","og_url":"https:\/\/delpacificoseafoods.com\/es\/sustentabilidad\/","og_site_name":"Del Pacifico SeaFoods","article_publisher":"https:\/\/www.facebook.com\/delpacificoseafoods\/","article_modified_time":"2024-08-23T17:10:24+00:00","twitter_card":"summary_large_image","twitter_misc":{"Tiempo de lectura":"7 minutos"},"schema":{"@context":"https:\/\/schema.org","@graph":[{"@type":"WebPage","@id":"https:\/\/delpacificoseafoods.com\/es\/sustentabilidad\/","url":"https:\/\/delpacificoseafoods.com\/es\/sustentabilidad\/","name":"Sustentabilidad | Del Pacifico SeaFoods","isPartOf":{"@id":"https:\/\/delpacificoseafoods.com\/es\/#website"},"datePublished":"2024-08-05T19:59:37+00:00","dateModified":"2024-08-23T17:10:24+00:00","breadcrumb":{"@id":"https:\/\/delpacificoseafoods.com\/es\/sustentabilidad\/#breadcrumb"},"inLanguage":"es","potentialAction":[{"@type":"ReadAction","target":["https:\/\/delpacificoseafoods.com\/es\/sustentabilidad\/"]}]},{"@type":"BreadcrumbList","@id":"https:\/\/delpacificoseafoods.com\/es\/sustentabilidad\/#breadcrumb","itemListElement":[{"@type":"ListItem","position":1,"name":"Home","item":"https:\/\/delpacificoseafoods.com\/es\/"},{"@type":"ListItem","position":2,"name":"Sustentabilidad"}]},{"@type":"WebSite","@id":"https:\/\/delpacificoseafoods.com\/es\/#website","url":"https:\/\/delpacificoseafoods.com\/es\/","name":"Del Pacifico Seafoods","description":"Del Pacifico SeaFoods","publisher":{"@id":"https:\/\/delpacificoseafoods.com\/es\/#organization"},"potentialAction":[{"@type":"SearchAction","target":{"@type":"EntryPoint","urlTemplate":"https:\/\/delpacificoseafoods.com\/es\/?s={search_term_string}"},"query-input":{"@type":"PropertyValueSpecification","valueRequired":true,"valueName":"search_term_string"}}],"inLanguage":"es"},{"@type":"Organization","@id":"https:\/\/delpacificoseafoods.com\/es\/#organization","name":"Del Pacifico Seafoods","url":"https:\/\/delpacificoseafoods.com\/es\/","logo":{"@type":"ImageObject","inLanguage":"es","@id":"https:\/\/delpacificoseafoods.com\/es\/#\/schema\/logo\/image\/","url":"https:\/\/i0.wp.com\/delpacificoseafoods.com\/wp-content\/uploads\/2022\/12\/Del-Pacific-Seafoods-Logos-Wild-Blue-Mexican-Shrimp-and-Seafoods.jpg?fit=900%2C900&ssl=1","contentUrl":"https:\/\/i0.wp.com\/delpacificoseafoods.com\/wp-content\/uploads\/2022\/12\/Del-Pacific-Seafoods-Logos-Wild-Blue-Mexican-Shrimp-and-Seafoods.jpg?fit=900%2C900&ssl=1","width":900,"height":900,"caption":"Del Pacifico Seafoods"},"image":{"@id":"https:\/\/delpacificoseafoods.com\/es\/#\/schema\/logo\/image\/"},"sameAs":["https:\/\/www.facebook.com\/delpacificoseafoods\/","https:\/\/www.instagram.com\/delpacificoseafoods\/"]}]}},"_links":{"self":[{"href":"https:\/\/delpacificoseafoods.com\/es\/wp-json\/wp\/v2\/pages\/6369","targetHints":{"allow":["GET"]}}],"collection":[{"href":"https:\/\/delpacificoseafoods.com\/es\/wp-json\/wp\/v2\/pages"}],"about":[{"href":"https:\/\/delpacificoseafoods.com\/es\/wp-json\/wp\/v2\/types\/page"}],"author":[{"embeddable":true,"href":"https:\/\/delpacificoseafoods.com\/es\/wp-json\/wp\/v2\/users\/3"}],"replies":[{"embeddable":true,"href":"https:\/\/delpacificoseafoods.com\/es\/wp-json\/wp\/v2\/comments?post=6369"}],"version-history":[{"count":5,"href":"https:\/\/delpacificoseafoods.com\/es\/wp-json\/wp\/v2\/pages\/6369\/revisions"}],"predecessor-version":[{"id":6383,"href":"https:\/\/delpacificoseafoods.com\/es\/wp-json\/wp\/v2\/pages\/6369\/revisions\/6383"}],"wp:attachment":[{"href":"https:\/\/delpacificoseafoods.com\/es\/wp-json\/wp\/v2\/media?parent=6369"}],"curies":[{"name":"wp","href":"https:\/\/api.w.org\/{rel}","templated":true}]}}